{"id":12213,"date":"2024-09-25T14:34:06","date_gmt":"2024-09-25T14:34:06","guid":{"rendered":"https:\/\/www.polskismak.nl\/?post_type=product&#038;p=12213"},"modified":"2025-10-01T13:24:54","modified_gmt":"2025-10-01T13:24:54","slug":"saga-owoce-lesne","status":"publish","type":"product","link":"https:\/\/www.polskismak.nl\/index.php\/product\/saga-owoce-lesne\/","title":{"rendered":"Saga owoce le\u015bne"},"content":{"rendered":"<h3>Sk\u0142adniki<\/h3>\n<p>dzika r\u00f3\u017ca (45%)<\/p>\n<p>hibiskus<\/p>\n<p>aromat<\/p>\n<p>maltodekstryna<\/p>\n<p>malina (0,2%)<\/p>\n<p>je\u017cyna (0,2%)<\/p>\n<p>jagoda (0,2%)<\/p>\n","protected":false},"excerpt":{"rendered":"<p>Sk\u0142adniki dzika r\u00f3\u017ca (45%) hibiskus aromat maltodekstryna malina (0,2%) je\u017cyna (0,2%) jagoda (0,2%)<\/p>\n","protected":false},"featured_media":12173,"template":"","meta":[],"product_brand":[],"product_cat":[152,150],"product_tag":[],"class_list":{"0":"post-12213","1":"product","2":"type-product","3":"status-publish","4":"has-post-thumbnail","6":"product_cat-herbata","7":"product_cat-kawa-i-herbata","9":"first","10":"instock","11":"taxable","12":"shipping-taxable","13":"purchasable","14":"product-type-simple"},"_links":{"self":[{"href":"https:\/\/www.polskismak.nl\/index.php\/wp-json\/wp\/v2\/product\/12213","targetHints":{"allow":["GET"]}}],"collection":[{"href":"https:\/\/www.polskismak.nl\/index.php\/wp-json\/wp\/v2\/product"}],"about":[{"href":"https:\/\/www.polskismak.nl\/index.php\/wp-json\/wp\/v2\/types\/product"}],"wp:featuredmedia":[{"embeddable":true,"href":"https:\/\/www.polskismak.nl\/index.php\/wp-json\/wp\/v2\/media\/12173"}],"wp:attachment":[{"href":"https:\/\/www.polskismak.nl\/index.php\/wp-json\/wp\/v2\/media?parent=12213"}],"wp:term":[{"taxonomy":"product_brand","embeddable":true,"href":"https:\/\/www.polskismak.nl\/index.php\/wp-json\/wp\/v2\/product_brand?post=12213"},{"taxonomy":"product_cat","embeddable":true,"href":"https:\/\/www.polskismak.nl\/index.php\/wp-json\/wp\/v2\/product_cat?post=12213"},{"taxonomy":"product_tag","embeddable":true,"href":"https:\/\/www.polskismak.nl\/index.php\/wp-json\/wp\/v2\/product_tag?post=12213"}],"curies":[{"name":"wp","href":"https:\/\/api.w.org\/{rel}","templated":true}]}}