{"id":12220,"date":"2024-09-25T14:43:39","date_gmt":"2024-09-25T14:43:39","guid":{"rendered":"https:\/\/www.polskismak.nl\/?post_type=product&#038;p=12220"},"modified":"2025-10-01T13:23:03","modified_gmt":"2025-10-01T13:23:03","slug":"ziola-mnicha-na-trawienie","status":"publish","type":"product","link":"https:\/\/www.polskismak.nl\/index.php\/product\/ziola-mnicha-na-trawienie\/","title":{"rendered":"Zio\u0142a mnicha na trawienie"},"content":{"rendered":"<h3>Sk\u0142adniki<\/h3>\n<p>owoc bzu czarnego<\/p>\n<p>nasiona lnu (25 %)<\/p>\n<p>li\u015b\u0107 mi\u0119ty pieprzowej (25 %)<\/p>\n","protected":false},"excerpt":{"rendered":"<p>Sk\u0142adniki owoc bzu czarnego nasiona lnu (25 %) li\u015b\u0107 mi\u0119ty pieprzowej (25 %)<\/p>\n","protected":false},"featured_media":12177,"template":"","meta":[],"product_brand":[],"product_cat":[152,150],"product_tag":[],"class_list":{"0":"post-12220","1":"product","2":"type-product","3":"status-publish","4":"has-post-thumbnail","6":"product_cat-herbata","7":"product_cat-kawa-i-herbata","9":"first","10":"instock","11":"taxable","12":"shipping-taxable","13":"purchasable","14":"product-type-simple"},"_links":{"self":[{"href":"https:\/\/www.polskismak.nl\/index.php\/wp-json\/wp\/v2\/product\/12220","targetHints":{"allow":["GET"]}}],"collection":[{"href":"https:\/\/www.polskismak.nl\/index.php\/wp-json\/wp\/v2\/product"}],"about":[{"href":"https:\/\/www.polskismak.nl\/index.php\/wp-json\/wp\/v2\/types\/product"}],"wp:featuredmedia":[{"embeddable":true,"href":"https:\/\/www.polskismak.nl\/index.php\/wp-json\/wp\/v2\/media\/12177"}],"wp:attachment":[{"href":"https:\/\/www.polskismak.nl\/index.php\/wp-json\/wp\/v2\/media?parent=12220"}],"wp:term":[{"taxonomy":"product_brand","embeddable":true,"href":"https:\/\/www.polskismak.nl\/index.php\/wp-json\/wp\/v2\/product_brand?post=12220"},{"taxonomy":"product_cat","embeddable":true,"href":"https:\/\/www.polskismak.nl\/index.php\/wp-json\/wp\/v2\/product_cat?post=12220"},{"taxonomy":"product_tag","embeddable":true,"href":"https:\/\/www.polskismak.nl\/index.php\/wp-json\/wp\/v2\/product_tag?post=12220"}],"curies":[{"name":"wp","href":"https:\/\/api.w.org\/{rel}","templated":true}]}}