{"id":12223,"date":"2024-09-25T14:45:59","date_gmt":"2024-09-25T14:45:59","guid":{"rendered":"https:\/\/www.polskismak.nl\/?post_type=product&#038;p=12223"},"modified":"2025-10-01T13:22:46","modified_gmt":"2025-10-01T13:22:46","slug":"saga-malina","status":"publish","type":"product","link":"https:\/\/www.polskismak.nl\/index.php\/product\/saga-malina\/","title":{"rendered":"Saga malina"},"content":{"rendered":"<p><b>Sk\u0142adniki<\/b>: dzika r\u00f3\u017ca (55%) hibiskus aromat\u00a0<b>malina<\/b>\u00a0(0,6%) maltodekstryna.<\/p>\n","protected":false},"excerpt":{"rendered":"<p>Sk\u0142adniki: dzika r\u00f3\u017ca (55%) hibiskus aromat\u00a0malina\u00a0(0,6%) maltodekstryna.<\/p>\n","protected":false},"featured_media":12178,"template":"","meta":[],"product_brand":[],"product_cat":[152,150],"product_tag":[],"class_list":{"0":"post-12223","1":"product","2":"type-product","3":"status-publish","4":"has-post-thumbnail","6":"product_cat-herbata","7":"product_cat-kawa-i-herbata","9":"first","10":"instock","11":"taxable","12":"shipping-taxable","13":"purchasable","14":"product-type-simple"},"_links":{"self":[{"href":"https:\/\/www.polskismak.nl\/index.php\/wp-json\/wp\/v2\/product\/12223","targetHints":{"allow":["GET"]}}],"collection":[{"href":"https:\/\/www.polskismak.nl\/index.php\/wp-json\/wp\/v2\/product"}],"about":[{"href":"https:\/\/www.polskismak.nl\/index.php\/wp-json\/wp\/v2\/types\/product"}],"wp:featuredmedia":[{"embeddable":true,"href":"https:\/\/www.polskismak.nl\/index.php\/wp-json\/wp\/v2\/media\/12178"}],"wp:attachment":[{"href":"https:\/\/www.polskismak.nl\/index.php\/wp-json\/wp\/v2\/media?parent=12223"}],"wp:term":[{"taxonomy":"product_brand","embeddable":true,"href":"https:\/\/www.polskismak.nl\/index.php\/wp-json\/wp\/v2\/product_brand?post=12223"},{"taxonomy":"product_cat","embeddable":true,"href":"https:\/\/www.polskismak.nl\/index.php\/wp-json\/wp\/v2\/product_cat?post=12223"},{"taxonomy":"product_tag","embeddable":true,"href":"https:\/\/www.polskismak.nl\/index.php\/wp-json\/wp\/v2\/product_tag?post=12223"}],"curies":[{"name":"wp","href":"https:\/\/api.w.org\/{rel}","templated":true}]}}