{"id":12257,"date":"2025-02-11T10:11:27","date_gmt":"2025-02-11T10:11:27","guid":{"rendered":"https:\/\/www.polskismak.nl\/?post_type=product&#038;p=12257"},"modified":"2025-10-01T13:22:06","modified_gmt":"2025-10-01T13:22:06","slug":"sok-kubus-pomarancza-850-ml","status":"publish","type":"product","link":"https:\/\/www.polskismak.nl\/index.php\/product\/sok-kubus-pomarancza-850-ml\/","title":{"rendered":"Sok Kubu\u015b Pomara\u0144cza 850 ml"},"content":{"rendered":"","protected":false},"excerpt":{"rendered":"<p>Sok Kubu\u015b 850 ml<br \/>\nPomara\u0144cza (jab\u0142ko, marchew) <\/p>\n","protected":false},"featured_media":10077,"template":"","meta":[],"product_brand":[],"product_cat":[130,132],"product_tag":[],"class_list":{"0":"post-12257","1":"product","2":"type-product","3":"status-publish","4":"has-post-thumbnail","6":"product_cat-napoje","7":"product_cat-soki-i-nektary","9":"first","10":"instock","11":"taxable","12":"shipping-taxable","13":"purchasable","14":"product-type-simple"},"_links":{"self":[{"href":"https:\/\/www.polskismak.nl\/index.php\/wp-json\/wp\/v2\/product\/12257","targetHints":{"allow":["GET"]}}],"collection":[{"href":"https:\/\/www.polskismak.nl\/index.php\/wp-json\/wp\/v2\/product"}],"about":[{"href":"https:\/\/www.polskismak.nl\/index.php\/wp-json\/wp\/v2\/types\/product"}],"wp:featuredmedia":[{"embeddable":true,"href":"https:\/\/www.polskismak.nl\/index.php\/wp-json\/wp\/v2\/media\/10077"}],"wp:attachment":[{"href":"https:\/\/www.polskismak.nl\/index.php\/wp-json\/wp\/v2\/media?parent=12257"}],"wp:term":[{"taxonomy":"product_brand","embeddable":true,"href":"https:\/\/www.polskismak.nl\/index.php\/wp-json\/wp\/v2\/product_brand?post=12257"},{"taxonomy":"product_cat","embeddable":true,"href":"https:\/\/www.polskismak.nl\/index.php\/wp-json\/wp\/v2\/product_cat?post=12257"},{"taxonomy":"product_tag","embeddable":true,"href":"https:\/\/www.polskismak.nl\/index.php\/wp-json\/wp\/v2\/product_tag?post=12257"}],"curies":[{"name":"wp","href":"https:\/\/api.w.org\/{rel}","templated":true}]}}