{"id":12268,"date":"2025-02-11T10:23:34","date_gmt":"2025-02-11T10:23:34","guid":{"rendered":"https:\/\/www.polskismak.nl\/?post_type=product&#038;p=12268"},"modified":"2025-10-01T13:20:35","modified_gmt":"2025-10-01T13:20:35","slug":"hellena-oranzada-zolta","status":"publish","type":"product","link":"https:\/\/www.polskismak.nl\/index.php\/product\/hellena-oranzada-zolta\/","title":{"rendered":"Hellena Oran\u017cada \u017b\u00f3\u0142ta"},"content":{"rendered":"<p>Sk\u0142ad: woda, cukier (D) i\/lub syrop glukozowo-fruktozowy (G)*, dwutlenek w\u0119gla, regulator kwasowo\u015bci: kwas cytrynowy, aromat, ekstrakt z krokosza barwierskiego, substancja konserwuj\u0105ca: srobinian potasu, barwnik: karoteny, przeciwutleniacz: kwas askorbinowy.<\/p>\n<p>1,25 l<\/p>\n","protected":false},"excerpt":{"rendered":"<p>Sk\u0142ad: woda, cukier (D) i\/lub syrop glukozowo-fruktozowy (G)*, dwutlenek w\u0119gla, regulator kwasowo\u015bci: kwas cytrynowy, aromat, ekstrakt z krokosza barwierskiego, substancja konserwuj\u0105ca: srobinian potasu, barwnik: karoteny, przeciwutleniacz: kwas askorbinowy. 1,25 l<\/p>\n","protected":false},"featured_media":10134,"template":"","meta":[],"product_brand":[],"product_cat":[130,131],"product_tag":[],"class_list":{"0":"post-12268","1":"product","2":"type-product","3":"status-publish","4":"has-post-thumbnail","6":"product_cat-napoje","7":"product_cat-napoje-napoje","9":"first","10":"instock","11":"taxable","12":"shipping-taxable","13":"purchasable","14":"product-type-simple"},"_links":{"self":[{"href":"https:\/\/www.polskismak.nl\/index.php\/wp-json\/wp\/v2\/product\/12268","targetHints":{"allow":["GET"]}}],"collection":[{"href":"https:\/\/www.polskismak.nl\/index.php\/wp-json\/wp\/v2\/product"}],"about":[{"href":"https:\/\/www.polskismak.nl\/index.php\/wp-json\/wp\/v2\/types\/product"}],"wp:featuredmedia":[{"embeddable":true,"href":"https:\/\/www.polskismak.nl\/index.php\/wp-json\/wp\/v2\/media\/10134"}],"wp:attachment":[{"href":"https:\/\/www.polskismak.nl\/index.php\/wp-json\/wp\/v2\/media?parent=12268"}],"wp:term":[{"taxonomy":"product_brand","embeddable":true,"href":"https:\/\/www.polskismak.nl\/index.php\/wp-json\/wp\/v2\/product_brand?post=12268"},{"taxonomy":"product_cat","embeddable":true,"href":"https:\/\/www.polskismak.nl\/index.php\/wp-json\/wp\/v2\/product_cat?post=12268"},{"taxonomy":"product_tag","embeddable":true,"href":"https:\/\/www.polskismak.nl\/index.php\/wp-json\/wp\/v2\/product_tag?post=12268"}],"curies":[{"name":"wp","href":"https:\/\/api.w.org\/{rel}","templated":true}]}}