{"id":12271,"date":"2025-02-11T10:29:51","date_gmt":"2025-02-11T10:29:51","guid":{"rendered":"https:\/\/www.polskismak.nl\/?post_type=product&#038;p=12271"},"modified":"2025-10-01T13:19:59","modified_gmt":"2025-10-01T13:19:59","slug":"kisiel-delecta-wisniowy","status":"publish","type":"product","link":"https:\/\/www.polskismak.nl\/index.php\/product\/kisiel-delecta-wisniowy\/","title":{"rendered":"Kisiel Delecta wi\u015bniowy"},"content":{"rendered":"<p>Kisiel Delecta<\/p>\n<p>wi\u015bniowy<\/p>\n<p>Sk\u0142ad: skrobia ziemniaczana, regulator kwasowo\u015bci: kwas cytrynowy, barwnik: antocyjany, aromat, witamina C.<\/p>\n","protected":false},"excerpt":{"rendered":"<p>Kisiel Delecta wi\u015bniowy Sk\u0142ad: skrobia ziemniaczana, regulator kwasowo\u015bci: kwas cytrynowy, barwnik: antocyjany, aromat, witamina C.<\/p>\n","protected":false},"featured_media":10255,"template":"","meta":[],"product_brand":[],"product_cat":[114,109],"product_tag":[],"class_list":{"0":"post-12271","1":"product","2":"type-product","3":"status-publish","4":"has-post-thumbnail","6":"product_cat-kisiele","7":"product_cat-produkty-do-pieczenia-i-desery","9":"first","10":"instock","11":"taxable","12":"shipping-taxable","13":"purchasable","14":"product-type-simple"},"_links":{"self":[{"href":"https:\/\/www.polskismak.nl\/index.php\/wp-json\/wp\/v2\/product\/12271","targetHints":{"allow":["GET"]}}],"collection":[{"href":"https:\/\/www.polskismak.nl\/index.php\/wp-json\/wp\/v2\/product"}],"about":[{"href":"https:\/\/www.polskismak.nl\/index.php\/wp-json\/wp\/v2\/types\/product"}],"wp:featuredmedia":[{"embeddable":true,"href":"https:\/\/www.polskismak.nl\/index.php\/wp-json\/wp\/v2\/media\/10255"}],"wp:attachment":[{"href":"https:\/\/www.polskismak.nl\/index.php\/wp-json\/wp\/v2\/media?parent=12271"}],"wp:term":[{"taxonomy":"product_brand","embeddable":true,"href":"https:\/\/www.polskismak.nl\/index.php\/wp-json\/wp\/v2\/product_brand?post=12271"},{"taxonomy":"product_cat","embeddable":true,"href":"https:\/\/www.polskismak.nl\/index.php\/wp-json\/wp\/v2\/product_cat?post=12271"},{"taxonomy":"product_tag","embeddable":true,"href":"https:\/\/www.polskismak.nl\/index.php\/wp-json\/wp\/v2\/product_tag?post=12271"}],"curies":[{"name":"wp","href":"https:\/\/api.w.org\/{rel}","templated":true}]}}