{"id":12276,"date":"2025-02-11T12:38:35","date_gmt":"2025-02-11T12:38:35","guid":{"rendered":"https:\/\/www.polskismak.nl\/?post_type=product&#038;p=12276"},"modified":"2025-10-01T13:19:06","modified_gmt":"2025-10-01T13:19:06","slug":"kisiel-slodka-chwila-malina","status":"publish","type":"product","link":"https:\/\/www.polskismak.nl\/index.php\/product\/kisiel-slodka-chwila-malina\/","title":{"rendered":"Kisiel s\u0142odka chwila malina"},"content":{"rendered":"<p>Dr.Oatkar<br \/>\nKisiel S\u0142oska chwila: malina<\/p>\n<p>Sk\u0142adniki: cukier, skrobia ziemniaczana, regulator kwasowo\u015bci (kwas cytrynowy), aromat, s\u00f3l, barwnik (antocyjany), ekstrakt z czarnej marchwi i hibiskusa, witamina C,\u00a0 Mo\u017cliwa obecno\u015b\u0107 GLUTENU i MLEKA..<\/p>\n","protected":false},"excerpt":{"rendered":"<p>Dr.Oatkar Kisiel S\u0142oska chwila: malina Sk\u0142adniki: cukier, skrobia ziemniaczana, regulator kwasowo\u015bci (kwas cytrynowy), aromat, s\u00f3l, barwnik (antocyjany), ekstrakt z czarnej marchwi i hibiskusa, witamina C,\u00a0 Mo\u017cliwa obecno\u015b\u0107 GLUTENU i MLEKA..<\/p>\n","protected":false},"featured_media":10241,"template":"","meta":[],"product_brand":[],"product_cat":[114,109],"product_tag":[],"class_list":{"0":"post-12276","1":"product","2":"type-product","3":"status-publish","4":"has-post-thumbnail","6":"product_cat-kisiele","7":"product_cat-produkty-do-pieczenia-i-desery","9":"first","10":"instock","11":"taxable","12":"shipping-taxable","13":"purchasable","14":"product-type-simple"},"_links":{"self":[{"href":"https:\/\/www.polskismak.nl\/index.php\/wp-json\/wp\/v2\/product\/12276","targetHints":{"allow":["GET"]}}],"collection":[{"href":"https:\/\/www.polskismak.nl\/index.php\/wp-json\/wp\/v2\/product"}],"about":[{"href":"https:\/\/www.polskismak.nl\/index.php\/wp-json\/wp\/v2\/types\/product"}],"wp:featuredmedia":[{"embeddable":true,"href":"https:\/\/www.polskismak.nl\/index.php\/wp-json\/wp\/v2\/media\/10241"}],"wp:attachment":[{"href":"https:\/\/www.polskismak.nl\/index.php\/wp-json\/wp\/v2\/media?parent=12276"}],"wp:term":[{"taxonomy":"product_brand","embeddable":true,"href":"https:\/\/www.polskismak.nl\/index.php\/wp-json\/wp\/v2\/product_brand?post=12276"},{"taxonomy":"product_cat","embeddable":true,"href":"https:\/\/www.polskismak.nl\/index.php\/wp-json\/wp\/v2\/product_cat?post=12276"},{"taxonomy":"product_tag","embeddable":true,"href":"https:\/\/www.polskismak.nl\/index.php\/wp-json\/wp\/v2\/product_tag?post=12276"}],"curies":[{"name":"wp","href":"https:\/\/api.w.org\/{rel}","templated":true}]}}