{"id":12284,"date":"2025-02-11T12:48:33","date_gmt":"2025-02-11T12:48:33","guid":{"rendered":"https:\/\/www.polskismak.nl\/?post_type=product&#038;p=12284"},"modified":"2025-10-01T13:11:59","modified_gmt":"2025-10-01T13:11:59","slug":"kisiel-slodka-chwila-kiwi-i-truskawka","status":"publish","type":"product","link":"https:\/\/www.polskismak.nl\/index.php\/product\/kisiel-slodka-chwila-kiwi-i-truskawka\/","title":{"rendered":"Kisiel S\u0142odka chwila kiwi i truskawka"},"content":{"rendered":"<p>Dr.Oetkar<br \/>\nKisiel S\u0142odka chwila: kiwi i truskawka<\/p>\n<p>Sk\u0142adniki: cukier, skrobia ziemniaczana, regulator kwasowo\u015bci (kwas cytrynowy), aromat, s\u00f3l, barwnik (antocyjany), ekstrakt z czarnej marchwi i hibiskusa, witamina C,\u00a0 Mo\u017cliwa obecno\u015b\u0107 GLUTENU i MLEKA..<\/p>\n","protected":false},"excerpt":{"rendered":"<p>Dr.Oetkar Kisiel S\u0142odka chwila: kiwi i truskawka Sk\u0142adniki: cukier, skrobia ziemniaczana, regulator kwasowo\u015bci (kwas cytrynowy), aromat, s\u00f3l, barwnik (antocyjany), ekstrakt z czarnej marchwi i hibiskusa, witamina C,\u00a0 Mo\u017cliwa obecno\u015b\u0107 GLUTENU i MLEKA..<\/p>\n","protected":false},"featured_media":10251,"template":"","meta":[],"product_brand":[],"product_cat":[114,109],"product_tag":[],"class_list":{"0":"post-12284","1":"product","2":"type-product","3":"status-publish","4":"has-post-thumbnail","6":"product_cat-kisiele","7":"product_cat-produkty-do-pieczenia-i-desery","9":"first","10":"instock","11":"taxable","12":"shipping-taxable","13":"purchasable","14":"product-type-simple"},"_links":{"self":[{"href":"https:\/\/www.polskismak.nl\/index.php\/wp-json\/wp\/v2\/product\/12284","targetHints":{"allow":["GET"]}}],"collection":[{"href":"https:\/\/www.polskismak.nl\/index.php\/wp-json\/wp\/v2\/product"}],"about":[{"href":"https:\/\/www.polskismak.nl\/index.php\/wp-json\/wp\/v2\/types\/product"}],"wp:featuredmedia":[{"embeddable":true,"href":"https:\/\/www.polskismak.nl\/index.php\/wp-json\/wp\/v2\/media\/10251"}],"wp:attachment":[{"href":"https:\/\/www.polskismak.nl\/index.php\/wp-json\/wp\/v2\/media?parent=12284"}],"wp:term":[{"taxonomy":"product_brand","embeddable":true,"href":"https:\/\/www.polskismak.nl\/index.php\/wp-json\/wp\/v2\/product_brand?post=12284"},{"taxonomy":"product_cat","embeddable":true,"href":"https:\/\/www.polskismak.nl\/index.php\/wp-json\/wp\/v2\/product_cat?post=12284"},{"taxonomy":"product_tag","embeddable":true,"href":"https:\/\/www.polskismak.nl\/index.php\/wp-json\/wp\/v2\/product_tag?post=12284"}],"curies":[{"name":"wp","href":"https:\/\/api.w.org\/{rel}","templated":true}]}}