{"id":12288,"date":"2025-02-11T12:54:21","date_gmt":"2025-02-11T12:54:21","guid":{"rendered":"https:\/\/www.polskismak.nl\/?post_type=product&#038;p=12288"},"modified":"2025-10-01T13:11:27","modified_gmt":"2025-10-01T13:11:27","slug":"slodka-chwila-budyn-wanilia","status":"publish","type":"product","link":"https:\/\/www.polskismak.nl\/index.php\/product\/slodka-chwila-budyn-wanilia\/","title":{"rendered":"S\u0142odka chwila &#8211; budy\u0144 &#8211; wanilia"},"content":{"rendered":"<p>S\u0142odka chwila budy\u0144: wanilia<\/p>\n<p>Sk\u0142adniki: skrobia, cukier, MLEKO odt\u0142uszczone w proszku, 1,1% s\u00f3l morska, aromat, cukier palony, cukier karmelizowany, koncentrat z buraka. Mo\u017cliwa obecno\u015b\u0107 GLUTENU.<\/p>\n","protected":false},"excerpt":{"rendered":"<p>S\u0142odka chwila budy\u0144: wanilia Sk\u0142adniki: skrobia, cukier, MLEKO odt\u0142uszczone w proszku, 1,1% s\u00f3l morska, aromat, cukier palony, cukier karmelizowany, koncentrat z buraka. Mo\u017cliwa obecno\u015b\u0107 GLUTENU.<\/p>\n","protected":false},"featured_media":10265,"template":"","meta":[],"product_brand":[],"product_cat":[115,109],"product_tag":[],"class_list":{"0":"post-12288","1":"product","2":"type-product","3":"status-publish","4":"has-post-thumbnail","6":"product_cat-budynie","7":"product_cat-produkty-do-pieczenia-i-desery","9":"first","10":"instock","11":"taxable","12":"shipping-taxable","13":"purchasable","14":"product-type-simple"},"_links":{"self":[{"href":"https:\/\/www.polskismak.nl\/index.php\/wp-json\/wp\/v2\/product\/12288","targetHints":{"allow":["GET"]}}],"collection":[{"href":"https:\/\/www.polskismak.nl\/index.php\/wp-json\/wp\/v2\/product"}],"about":[{"href":"https:\/\/www.polskismak.nl\/index.php\/wp-json\/wp\/v2\/types\/product"}],"wp:featuredmedia":[{"embeddable":true,"href":"https:\/\/www.polskismak.nl\/index.php\/wp-json\/wp\/v2\/media\/10265"}],"wp:attachment":[{"href":"https:\/\/www.polskismak.nl\/index.php\/wp-json\/wp\/v2\/media?parent=12288"}],"wp:term":[{"taxonomy":"product_brand","embeddable":true,"href":"https:\/\/www.polskismak.nl\/index.php\/wp-json\/wp\/v2\/product_brand?post=12288"},{"taxonomy":"product_cat","embeddable":true,"href":"https:\/\/www.polskismak.nl\/index.php\/wp-json\/wp\/v2\/product_cat?post=12288"},{"taxonomy":"product_tag","embeddable":true,"href":"https:\/\/www.polskismak.nl\/index.php\/wp-json\/wp\/v2\/product_tag?post=12288"}],"curies":[{"name":"wp","href":"https:\/\/api.w.org\/{rel}","templated":true}]}}