{"id":585,"date":"2019-03-06T11:48:56","date_gmt":"2019-03-06T11:48:56","guid":{"rendered":"http:\/\/www.polskismak.nl\/?post_type=product&#038;p=585"},"modified":"2025-01-29T14:07:11","modified_gmt":"2025-01-29T14:07:11","slug":"winiary-kruidenmix-voor-kip-in-roomsaus","status":"publish","type":"product","link":"https:\/\/www.polskismak.nl\/index.php\/product\/winiary-kruidenmix-voor-kip-in-roomsaus\/","title":{"rendered":"Winiary pomys\u0142 na kurczaka w sosie \u015bmietanowo-zio\u0142owym   Winiary kruidenmix voor kip in roomsaus"},"content":{"rendered":"","protected":false},"excerpt":{"rendered":"<p>30g<\/p>\n","protected":false},"featured_media":586,"template":"","meta":[],"product_brand":[],"product_cat":[146,148],"product_tag":[],"class_list":{"0":"post-585","1":"product","2":"type-product","3":"status-publish","4":"has-post-thumbnail","6":"product_cat-przyprawy-i-sosy","7":"product_cat-sosy","9":"first","10":"instock","11":"taxable","12":"shipping-taxable","13":"purchasable","14":"product-type-simple"},"_links":{"self":[{"href":"https:\/\/www.polskismak.nl\/index.php\/wp-json\/wp\/v2\/product\/585","targetHints":{"allow":["GET"]}}],"collection":[{"href":"https:\/\/www.polskismak.nl\/index.php\/wp-json\/wp\/v2\/product"}],"about":[{"href":"https:\/\/www.polskismak.nl\/index.php\/wp-json\/wp\/v2\/types\/product"}],"wp:featuredmedia":[{"embeddable":true,"href":"https:\/\/www.polskismak.nl\/index.php\/wp-json\/wp\/v2\/media\/586"}],"wp:attachment":[{"href":"https:\/\/www.polskismak.nl\/index.php\/wp-json\/wp\/v2\/media?parent=585"}],"wp:term":[{"taxonomy":"product_brand","embeddable":true,"href":"https:\/\/www.polskismak.nl\/index.php\/wp-json\/wp\/v2\/product_brand?post=585"},{"taxonomy":"product_cat","embeddable":true,"href":"https:\/\/www.polskismak.nl\/index.php\/wp-json\/wp\/v2\/product_cat?post=585"},{"taxonomy":"product_tag","embeddable":true,"href":"https:\/\/www.polskismak.nl\/index.php\/wp-json\/wp\/v2\/product_tag?post=585"}],"curies":[{"name":"wp","href":"https:\/\/api.w.org\/{rel}","templated":true}]}}