{"id":587,"date":"2019-03-06T11:54:46","date_gmt":"2019-03-06T11:54:46","guid":{"rendered":"http:\/\/www.polskismak.nl\/?post_type=product&#038;p=587"},"modified":"2025-01-29T14:04:04","modified_gmt":"2025-01-29T14:04:04","slug":"winiary-kruidenmix-voor-vis-in-roomsaus-met-dille","status":"publish","type":"product","link":"https:\/\/www.polskismak.nl\/index.php\/product\/winiary-kruidenmix-voor-vis-in-roomsaus-met-dille\/","title":{"rendered":"Winiary pomys\u0142 na ryb\u0119 w sosie \u015bmietanowo-koperkowym  Winiary kruidenmix voor vis in roomsaus met dille"},"content":{"rendered":"","protected":false},"excerpt":{"rendered":"<p>32g<\/p>\n","protected":false},"featured_media":588,"template":"","meta":[],"product_brand":[],"product_cat":[146,148],"product_tag":[],"class_list":{"0":"post-587","1":"product","2":"type-product","3":"status-publish","4":"has-post-thumbnail","6":"product_cat-przyprawy-i-sosy","7":"product_cat-sosy","9":"first","10":"instock","11":"taxable","12":"shipping-taxable","13":"purchasable","14":"product-type-simple"},"_links":{"self":[{"href":"https:\/\/www.polskismak.nl\/index.php\/wp-json\/wp\/v2\/product\/587","targetHints":{"allow":["GET"]}}],"collection":[{"href":"https:\/\/www.polskismak.nl\/index.php\/wp-json\/wp\/v2\/product"}],"about":[{"href":"https:\/\/www.polskismak.nl\/index.php\/wp-json\/wp\/v2\/types\/product"}],"wp:featuredmedia":[{"embeddable":true,"href":"https:\/\/www.polskismak.nl\/index.php\/wp-json\/wp\/v2\/media\/588"}],"wp:attachment":[{"href":"https:\/\/www.polskismak.nl\/index.php\/wp-json\/wp\/v2\/media?parent=587"}],"wp:term":[{"taxonomy":"product_brand","embeddable":true,"href":"https:\/\/www.polskismak.nl\/index.php\/wp-json\/wp\/v2\/product_brand?post=587"},{"taxonomy":"product_cat","embeddable":true,"href":"https:\/\/www.polskismak.nl\/index.php\/wp-json\/wp\/v2\/product_cat?post=587"},{"taxonomy":"product_tag","embeddable":true,"href":"https:\/\/www.polskismak.nl\/index.php\/wp-json\/wp\/v2\/product_tag?post=587"}],"curies":[{"name":"wp","href":"https:\/\/api.w.org\/{rel}","templated":true}]}}